{"id":1556,"date":"2022-08-06T20:19:35","date_gmt":"2022-08-06T20:19:35","guid":{"rendered":"https:\/\/1five44.com\/product\/5-pairs-3d-mink-eyelashes\/"},"modified":"2022-08-06T20:20:06","modified_gmt":"2022-08-06T20:20:06","slug":"5-pairs-3d-mink-eyelashes","status":"publish","type":"product","link":"https:\/\/portfoliosbw.store\/2019\/1five44\/product\/5-pairs-3d-mink-eyelashes\/","title":{"rendered":"5 Pairs 3d mink eyelashes"},"content":{"rendered":"<p>&nbsp;<\/p>\n<div class=\"product-specs-list-container\">\n<ul class=\"product-specs-list util-clearfix\">\n<li class=\"product-prop line-limit-length\"><span class=\"property-title\">Brand Name:\u00a0<\/span><span class=\"property-desc line-limit-length\">SHIDISHANGPIN<\/span><\/li>\n<li class=\"product-prop line-limit-length\"><span class=\"property-title\">False Eyelashes Band:\u00a0<\/span><span class=\"property-desc line-limit-length\">Other<\/span><\/li>\n<li class=\"product-prop line-limit-length\"><span class=\"property-title\">Origin:\u00a0<\/span><span class=\"property-desc line-limit-length\">Mainland China<\/span><\/li>\n<li class=\"product-prop line-limit-length\"><span class=\"property-title\">CN:\u00a0<\/span><span class=\"property-desc line-limit-length\">Guangdong<\/span><\/li>\n<li class=\"product-prop line-limit-length\"><span class=\"property-title\">False Eyelashes Length:\u00a0<\/span><span class=\"property-desc line-limit-length\">1cm-1.5cm<\/span><\/li>\n<li class=\"product-prop line-limit-length\"><span class=\"property-title\">False Eyelashes Sort:\u00a0<\/span><span class=\"property-desc line-limit-length\">Strip Lashes<\/span><\/li>\n<li class=\"product-prop line-limit-length\"><span class=\"property-title\">False Eyelash Material:\u00a0<\/span><span class=\"property-desc line-limit-length\">Other<\/span><\/li>\n<li class=\"product-prop line-limit-length\"><span class=\"property-title\">Model Number:\u00a0<\/span><span class=\"property-desc line-limit-length\">G8,6, 5<\/span><\/li>\n<li class=\"product-prop line-limit-length\"><span class=\"property-title\">False Eyelashes Style:\u00a0<\/span><span class=\"property-desc line-limit-length\">Natural Long<\/span><\/li>\n<li class=\"product-prop line-limit-length\"><span class=\"property-title\">Item Type:\u00a0<\/span><span class=\"property-desc line-limit-length\">False Eyelash<\/span><\/li>\n<li class=\"product-prop line-limit-length\"><span class=\"property-title\">Size:\u00a0<\/span><span class=\"property-desc line-limit-length\">check for product information<\/span><\/li>\n<li class=\"product-prop line-limit-length\"><span class=\"property-title\">Manufacturing Process:\u00a0<\/span><span class=\"property-desc line-limit-length\">Hand Made<\/span><\/li>\n<li class=\"product-prop line-limit-length\"><span class=\"property-title\">Number of Pieces:\u00a0<\/span><span class=\"property-desc line-limit-length\">Combo<\/span><\/li>\n<li class=\"product-prop line-limit-length\"><span class=\"property-title\">False Eyelashes Type:\u00a0<\/span><span class=\"property-desc line-limit-length\">Full Strip Lashes<\/span><\/li>\n<li class=\"product-prop line-limit-length\"><span class=\"property-title\">Quantity:\u00a0<\/span><span class=\"property-desc line-limit-length\">5pairs<\/span><\/li>\n<li class=\"product-prop line-limit-length\"><span class=\"property-title\">Item Type:\u00a0<\/span><span class=\"property-desc line-limit-length\">False eyelashes<\/span><\/li>\n<li class=\"product-prop line-limit-length\"><span class=\"property-title\">False Eyelashes Length:\u00a0<\/span><span class=\"property-desc line-limit-length\">1cm-1.5cm<\/span><\/li>\n<li class=\"product-prop line-limit-length\"><span class=\"property-title\">False Eyelashes Style:\u00a0<\/span><span class=\"property-desc line-limit-length\">mink eyelashes, thick mink lashes<\/span><\/li>\n<li class=\"product-prop line-limit-length\"><span class=\"property-title\">False Eyelashes Craft:\u00a0<\/span><span class=\"property-desc line-limit-length\">hand made<\/span><\/li>\n<li class=\"product-prop line-limit-length\"><span class=\"property-title\">Name:\u00a0<\/span><span class=\"property-desc line-limit-length\">3D mink eyelashes<\/span><\/li>\n<li class=\"product-prop line-limit-length\"><span class=\"property-title\">Quantity:\u00a0<\/span><span class=\"property-desc line-limit-length\">5 pairs<\/span><\/li>\n<li class=\"product-prop line-limit-length\"><span class=\"property-title\">Wholesale price:\u00a0<\/span><span class=\"property-desc line-limit-length\">yes<\/span><\/li>\n<li class=\"product-prop line-limit-length\"><span class=\"property-title\">False Eyelashes Terrier:\u00a0<\/span><span class=\"property-desc line-limit-length\">Black cotton stalk<\/span><\/li>\n<li class=\"product-prop line-limit-length\"><span class=\"property-title\">Feature 1:\u00a0<\/span><span class=\"property-desc line-limit-length\">makeup full strip lashes<\/span><\/li>\n<li class=\"product-prop line-limit-length\"><span class=\"property-title\">Feature 2:\u00a0<\/span><span class=\"property-desc line-limit-length\">3D eyelashes,3d lashes,3d false eyelashes,3d false lashes<\/span><\/li>\n<li class=\"product-prop line-limit-length\"><span class=\"property-title\">Feature 3:\u00a0<\/span><span class=\"property-desc line-limit-length\">cilios, cilios mink, cilio eyelashes, cilio lashes<\/span><\/li>\n<li class=\"product-prop line-limit-length\"><span class=\"property-title\">Feature 4:\u00a0<\/span><span class=\"property-desc line-limit-length\">makeups, makeup, make up, maquiagem, maquillaje<\/span><\/li>\n<li class=\"product-prop line-limit-length\"><span class=\"property-title\">Feature 5:\u00a0<\/span><span class=\"property-desc line-limit-length\">mink false lashes,false mink lashes,mink false eyelashes<\/span><\/li>\n<li class=\"product-prop line-limit-length\"><span class=\"property-title\">Feature 6:\u00a0<\/span><span class=\"property-desc line-limit-length\">false eyelashes natural, natural false eyelashes, faux eye lashes<\/span><\/li>\n<li class=\"product-prop line-limit-length\"><span class=\"property-title\">Feature 7:\u00a0<\/span><span class=\"property-desc line-limit-length\">mink eyelashes, lashes, eyelashes, eye lashes, fake lashes, faux cils<\/span><\/li>\n<li class=\"product-prop line-limit-length\"><span class=\"property-title\">Feature 8:\u00a0<\/span><span class=\"property-desc line-limit-length\">natural,cruelty free,full,super soft and wispy fluffy<\/span><\/li>\n<li class=\"product-prop line-limit-length\"><span class=\"property-title\">Purchase channel:\u00a0<\/span><span class=\"property-desc line-limit-length\">professional eyelash supplier<\/span><\/li>\n<li class=\"product-prop line-limit-length\"><span class=\"property-title\">Beauty Essentials:\u00a0<\/span><span class=\"property-desc line-limit-length\">False Eyelashes<\/span><\/li>\n<\/ul>\n<\/div>\n<div class=\"detailmodule_html\">\n<h1><a class=\"\" href=\"https:\/\/www.aliexpress.com\/item\/1005002096017582.html\" target=\"_self\" rel=\"noopener\"><img loading=\"lazy\" decoding=\"async\" src=\"https:\/\/ae01.alicdn.com\/kf\/Hf29a4805e9ed4d958d764e7a9c1886c3Q.jpg\" width=\"800\" height=\"800\" \/><\/a><a class=\"\" href=\"https:\/\/www.aliexpress.com\/item\/1005001453101398.html\" target=\"_self\" rel=\"noopener\"><img loading=\"lazy\" decoding=\"async\" src=\"https:\/\/ae01.alicdn.com\/kf\/H7b663e634ecd4017ad4e3ec58f4a700eO.jpg\" width=\"800\" height=\"800\" \/><\/a><\/h1>\n<\/div>\n<div class=\"detailmodule_html\">\n<div class=\"detail-desc-decorate-richtext\">\n<div><span style=\"font-size: 20px;\">(Ol\u00e1, queridos amigos, bem-vindo \u00e0 SHIDISHANGPIN Lashes Store, obrigado como nossos produtos, espero que voc\u00ea tenha uma boa experi\u00eancia de compras ~)<\/span><\/div>\n<div><span style=\"font-size: 18px;\">Especifica\u00e7\u00f5es:<\/span><\/div>\n<div><span style=\"font-size: 18px;\">Material: c\u00edlios de vison<\/span><\/div>\n<div><span style=\"font-size: 18px;\">Cor preta<\/span><\/div>\n<div><span style=\"font-size: 18px;\">Quantidade: 5 pares \/ caixa faux cils<\/span><\/div>\n<div><span style=\"font-size: 18px;\">Infarto: talo de algod\u00e3o<\/span><\/div>\n<div><span style=\"font-size: 18px;\">Pena: macio, confort\u00e1vel, reutiliz\u00e1vel<\/span><\/div>\n<div><span style=\"font-size: 18px;\">Tipo: longo natural, cruz bagun\u00e7ado, alado, festa, diariamente<\/span><\/div>\n<div><span style=\"font-size: 18px;\">comprimento: 10-15mm<\/span><\/div>\n<div><span style=\"font-size: 18px;\">O pacote inclui:<\/span><\/div>\n<div><span style=\"font-size: 18px;\">5 pares de c\u00edlios de vison.<\/span><\/div>\n<div><\/div>\n<p><img decoding=\"async\" src=\"https:\/\/ae01.alicdn.com\/kf\/H624cb5f7f1f24e63a6c03381490b88ecw.jpg\" \/><\/p>\n<p style=\"font-family: arial, helvetica, sans-serif; font-size: 13px; line-height: inherit; color: #000000; border: 0px; margin: 0px; padding: 0px 0px 0px 0em; padding-bottom: 0px; padding-top: 0px; padding-right: 0px;\"><img decoding=\"async\" src=\"https:\/\/ae01.alicdn.com\/kf\/HTB1HdKWaUjrK1RkHFNRq6ySvpXaW.jpg\" \/><\/p>\n<p><img decoding=\"async\" src=\"https:\/\/ae01.alicdn.com\/kf\/HTB1N9aibyzxK1RkSnaVq6xn9VXaO.jpg\" \/><\/p>\n<p><strong><span style=\"font-size: 24px;\">G806 (Recurso: estilo alado, 100% artesanal, mais f\u00e1cil de encaixar nos olhos)<\/span><\/strong><\/p>\n<div>\n<h2><img decoding=\"async\" src=\"https:\/\/ae01.alicdn.com\/kf\/HTB10t.nKkKWBuNjy1zjq6AOypXa4.jpg\" \/><img decoding=\"async\" src=\"https:\/\/ae01.alicdn.com\/kf\/HTB1aJmqbELrK1Rjy0Fjq6zYXFXan.jpg\" \/><\/h2>\n<p><strong><span style=\"font-size: 24px;\">G800 (Recurso: Grosso, macio com preto natural)<\/span><\/strong><\/p>\n<h2><img decoding=\"async\" src=\"https:\/\/ae01.alicdn.com\/kf\/HTB1PwKJaiHrK1Rjy0Flq6AsaFXaU.jpg\" \/><img decoding=\"async\" src=\"https:\/\/ae01.alicdn.com\/kf\/HTB1iRKibyzxK1RkSnaVq6xn9VXaa.jpg\" \/><\/h2>\n<p><strong><span style=\"font-size: 24px;\">G805 (Feature: Sexy bagun\u00e7ado, design especial de cada chicote cruzar perfeitamente)<\/span><\/strong><\/p>\n<h2><img decoding=\"async\" src=\"https:\/\/ae01.alicdn.com\/kf\/HTB1S12fv8jTBKNjSZFDq6zVgVXa3.jpg\" \/><img decoding=\"async\" src=\"https:\/\/ae01.alicdn.com\/kf\/HTB1rMGibsrrK1RjSspaq6AREXXaw.jpg\" \/><\/h2>\n<p><strong><span style=\"font-size: 24px;\">G803 (Caracter\u00edstica: Curl adequado para contorno dos olhos)<\/span><\/strong><\/p>\n<h2><img decoding=\"async\" src=\"https:\/\/ae01.alicdn.com\/kf\/HTB1jD_.B2iSBuNkSnhJq6zDcpXaJ.jpg\" \/><img decoding=\"async\" src=\"https:\/\/ae01.alicdn.com\/kf\/HTB1QdKmbsfrK1RkSnb4q6xHRFXaZ.jpg\" \/><\/h2>\n<p><strong><span style=\"font-size: 24px;\">G802 (recurso: c\u00edlios mais longos e mais grossos, aumentam a ess\u00eancia dos seus olhos)<\/span><\/strong><\/p>\n<h2><img decoding=\"async\" src=\"https:\/\/ae01.alicdn.com\/kf\/HTB15.j.B2iSBuNkSnhJq6zDcpXaH.jpg\" \/><img decoding=\"async\" src=\"https:\/\/ae01.alicdn.com\/kf\/HTB1RmWgbyDxK1RjSsphq6zHrpXaF.jpg\" \/><\/h2>\n<p><strong><span style=\"font-size: 24px;\">G801 (Feature: chicotes flex\u00edveis em radiano perfeito)<\/span><\/strong><\/p>\n<h2><img decoding=\"async\" src=\"https:\/\/ae01.alicdn.com\/kf\/HTB1fdHyB5CYBuNkSnaVq6AMsVXaH.jpg\" \/><img decoding=\"async\" src=\"https:\/\/ae01.alicdn.com\/kf\/HTB1UMinbsnrK1RjSspkq6yuvXXaR.jpg\" \/><\/h2>\n<h2><strong><span style=\"font-size: 24px;\">G807 (recurso: c\u00edlios de vison 3d, c\u00edlios posti\u00e7os longos e macios naturais)<\/span><\/strong><\/h2>\n<p><img decoding=\"async\" src=\"https:\/\/ae01.alicdn.com\/kf\/HTB1yRGobEzrK1RjSspmq6AOdFXay.jpg\" \/><img decoding=\"async\" src=\"https:\/\/ae01.alicdn.com\/kf\/HTB1FdSpbtzvK1RkSnfoq6zMwVXak.jpg\" \/><\/p>\n<p><span style=\"color: #ff0000;\"><span style=\"font-size: 24px;\">G508<\/span><\/span><\/p>\n<p><img decoding=\"async\" src=\"https:\/\/ae01.alicdn.com\/kf\/He5b8f4e6238d4728a74fc7bb0c2e6e97H.jpg\" \/><img decoding=\"async\" src=\"https:\/\/ae01.alicdn.com\/kf\/H50e4ea1036f54593b50f5074b9f71965h.jpg\" \/><\/p>\n<p><img decoding=\"async\" src=\"https:\/\/ae01.alicdn.com\/kf\/A8941cf677fbc48aeb68c089091587706j.jpg\" \/><img decoding=\"async\" src=\"https:\/\/ae01.alicdn.com\/kf\/A000c10aa4e39488690f65d6c3212daabQ.jpg\" \/><img decoding=\"async\" src=\"https:\/\/ae01.alicdn.com\/kf\/Aed40f999c63f4a32bc73d0c6f40e8ea2C.jpg\" \/><img decoding=\"async\" src=\"https:\/\/ae01.alicdn.com\/kf\/A722cb279e72f4bbc85ff3bea49d333bex.jpg\" \/><\/p>\n<div><\/div>\n<p><strong><span style=\"font-size: 28px;\">Forma de pagamento<\/span><\/strong><\/p>\n<div><span style=\"font-size: 22px;\">1. Aceitamos Alipay, West Union, TT. Todos os principais cart\u00f5es de cr\u00e9dito s\u00e3o aceitos atrav\u00e9s do COMPROMISSO seguro processador de pagamento.<\/span><\/div>\n<div><span style=\"font-size: 22px;\">2. O pagamento deve ser feito dentro de 3 dias ap\u00f3s o pedido.<\/span><\/div>\n<div><span style=\"font-size: 22px;\">3. Se voc\u00ea n\u00e3o puder efetuar o pagamento imediatamente ap\u00f3s o fechamento do leil\u00e3o, aguarde alguns minutos e tente novamente. Os pagamentos devem ser conclu\u00eddos dentro de 3 dias.<\/span><\/div>\n<div><strong><span style=\"font-size: 28px;\">Envio<\/span><\/strong><\/div>\n<div><span style=\"font-size: 20px;\">1. TRANSPORTE MUNDIAL. (Exceto alguns pa\u00edses e APO \/ FPO)<\/span><\/div>\n<div><span style=\"font-size: 20px;\">2. Pedidos processados oportunamente ap\u00f3s a verifica\u00e7\u00e3o do pagamento.<\/span><\/div>\n<\/div>\n<\/div>\n<\/div>\n<p>&nbsp;<\/p>\n","protected":false},"excerpt":{"rendered":"<p>&nbsp; Brand Name:\u00a0SHIDISHANGPIN False Eyelashes Band:\u00a0Other Origin:\u00a0Mainland China CN:\u00a0Guangdong False Eyelashes Length:\u00a01cm-1.5cm False Eyelashes Sort:\u00a0Strip Lashes False Eyelash Material:\u00a0Other Model Number:\u00a0G8,6, 5 False Eyelashes Style:\u00a0Natural Long Item Type:\u00a0False Eyelash Size:\u00a0check for product information Manufacturing Process:\u00a0Hand Made Number of Pieces:\u00a0Combo False Eyelashes Type:\u00a0Full Strip Lashes Quantity:\u00a05pairs Item Type:\u00a0False eyelashes False Eyelashes Length:\u00a01cm-1.5cm False Eyelashes Style:\u00a0mink eyelashes,&hellip; <a class=\"more-link\" href=\"https:\/\/portfoliosbw.store\/2019\/1five44\/product\/5-pairs-3d-mink-eyelashes\/\">Continue reading <span class=\"screen-reader-text\">5 Pairs 3d mink eyelashes<\/span><\/a><\/p>\n","protected":false},"featured_media":1557,"comment_status":"open","ping_status":"closed","template":"","meta":[],"product_cat":[36,37],"product_tag":[],"class_list":{"0":"post-1556","1":"product","2":"type-product","3":"status-publish","4":"has-post-thumbnail","6":"product_cat-lash-supplies","7":"product_cat-mink-extensions","8":"entry","10":"first","11":"instock","12":"shipping-taxable","13":"purchasable","14":"product-type-variable"},"acf":[],"_links":{"self":[{"href":"https:\/\/portfoliosbw.store\/2019\/1five44\/wp-json\/wp\/v2\/product\/1556","targetHints":{"allow":["GET"]}}],"collection":[{"href":"https:\/\/portfoliosbw.store\/2019\/1five44\/wp-json\/wp\/v2\/product"}],"about":[{"href":"https:\/\/portfoliosbw.store\/2019\/1five44\/wp-json\/wp\/v2\/types\/product"}],"replies":[{"embeddable":true,"href":"https:\/\/portfoliosbw.store\/2019\/1five44\/wp-json\/wp\/v2\/comments?post=1556"}],"wp:featuredmedia":[{"embeddable":true,"href":"https:\/\/portfoliosbw.store\/2019\/1five44\/wp-json\/wp\/v2\/media\/1557"}],"wp:attachment":[{"href":"https:\/\/portfoliosbw.store\/2019\/1five44\/wp-json\/wp\/v2\/media?parent=1556"}],"wp:term":[{"taxonomy":"product_cat","embeddable":true,"href":"https:\/\/portfoliosbw.store\/2019\/1five44\/wp-json\/wp\/v2\/product_cat?post=1556"},{"taxonomy":"product_tag","embeddable":true,"href":"https:\/\/portfoliosbw.store\/2019\/1five44\/wp-json\/wp\/v2\/product_tag?post=1556"}],"curies":[{"name":"wp","href":"https:\/\/api.w.org\/{rel}","templated":true}]}}