{"id":4778,"date":"2023-05-23T19:27:35","date_gmt":"2023-05-23T19:27:35","guid":{"rendered":"https:\/\/1five44.com\/product\/cosabella-womens-say-never-curvy-sweetie-bralette\/"},"modified":"2023-05-23T19:27:35","modified_gmt":"2023-05-23T19:27:35","slug":"cosabella-womens-say-never-curvy-sweetie-bralette","status":"publish","type":"product","link":"https:\/\/portfoliosbw.store\/2019\/1five44\/product\/cosabella-womens-say-never-curvy-sweetie-bralette\/","title":{"rendered":"Cosabella Women&#8217;s Say Never Curvy Sweetie Bralette"},"content":{"rendered":"<p>Price: <span style=\"color:#b12704\">[price_with_discount]<\/span><br \/><i><small>(as of [price_update_date] &#8211; <span class=\"wp_automatic_amazon_disclaimer\" title=\"Product prices and availability are accurate as of the date\/time indicated and are subject to change. Any price and availability information displayed on [relevant Amazon Site(s), as applicable] at the time of purchase will apply to the purchase of this product.\">Details<\/span>)<\/small><\/i><\/p>\n<p><a href=\"https:\/\/amazon.com\/dp\/B079VRNHR1?tag=    1five44-20\"><img decoding=\"async\" src=\"https:\/\/i.imgur.com\/ISRHEWs.png\"><\/a><br \/>\n[ad_1]<br \/>\n <span>Thoughtfully designed for a fuller bust with a smaller band, the Curvy bralette collection is for the fuller cup woman. Made in beautiful floral Never Say Never lace.<\/p>\n<p>Cuidadosamente dise\u00f1ada para un busto m\u00e1s completo con una banda m\u00e1s peque\u00f1a, la colecci\u00f3n de bralette Curvy es para la mujer m\u00e1s llena. Hecho en un hermoso encaje floral Nunca digas nunca.<\/p>\n<p>\u05de\u05e2\u05d5\u05e6\u05d1 \u05d1\u05e7\u05e4\u05d9\u05d3\u05d4 \u05dc\u05d7\u05d6\u05d4 \u05de\u05dc\u05d0 \u05d9\u05d5\u05ea\u05e8 \u05e2\u05dd \u05e8\u05e6\u05d5\u05e2\u05d4 \u05e7\u05d8\u05e0\u05d4 \u05d9\u05d5\u05ea\u05e8, \u05e7\u05d5\u05dc\u05e7\u05e6\u05d9\u05d9\u05ea \u05d4\u05d2\u05d5\u05d6\u05d9\u05d9\u05d4 \u05d4\u05de\u05e2\u05d5\u05d2\u05dc\u05ea \u05d4\u05d9\u05d0 \u05e2\u05d1\u05d5\u05e8 \u05d0\u05d9\u05e9\u05d4 \u05e2\u05dd \u05e7\u05d0\u05e4 \u05de\u05dc\u05d0 \u05d9\u05d5\u05ea\u05e8. \u05de\u05d9\u05d5\u05e6\u05e8 \u05d1\u05e4\u05e8\u05d7\u05d9\u05dd \u05d9\u05e4\u05d9\u05dd \u05dc\u05e2\u05d5\u05dc\u05dd \u05d0\u05dc \u05ea\u05d2\u05d9\u05d3 \u05dc\u05e2\u05d5\u05dc\u05dd \u05dc\u05d0 \u05ea\u05d7\u05e8\u05d4.<\/p>\n<p>Die Curvy Bralette-Kollektion wurde f\u00fcr eine vollere Brust mit einem kleineren Band entworfen und ist f\u00fcr die vollere Cup-Frau geeignet. Hergestellt in sch\u00f6ner floraler Spitze.<\/p>\n<p>\u0645\u0635\u0645\u0645\u0629 \u0628\u0639\u0646\u0627\u064a\u0629 \u0644\u0644\u062d\u0635\u0648\u0644 \u0639\u0644\u0649 \u0635\u062f\u0631 \u0623\u0643\u062b\u0631 \u0627\u0645\u062a\u0644\u0627\u0621\u064b \u0645\u0639 \u0634\u0631\u064a\u0637 \u0623\u0635\u063a\u0631\u060c \u0645\u062c\u0645\u0648\u0639\u0629 \u062d\u0645\u0627\u0644\u0629 \u0627\u0644\u0635\u062f\u0631 \u0643\u064a\u0631\u0641\u064a \u0645\u062e\u0635\u0635\u0629 \u0644\u0644\u0645\u0631\u0623\u0629 \u0630\u0627\u062a \u0627\u0644\u0623\u0643\u0648\u0627\u0628 \u0627\u0644\u0645\u0645\u062a\u0644\u0626\u0629. \u0645\u0635\u0646\u0648\u0639 \u0645\u0646 \u0632\u0647\u0648\u0631 \u062c\u0645\u064a\u0644\u0629 \u0644\u0627 \u062a\u0642\u0648\u0644\u064a \u0623\u0628\u062f\u064b\u0627 \u0645\u0646 \u0627\u0644\u062f\u0627\u0646\u062a\u064a\u0644.<\/p>\n<p>Cuidadosamente projetado para um busto mais cheio com uma faixa menor, a cole\u00e7\u00e3o de suti\u00e3s Curvy \u00e9 para mulheres com bojo mais cheio. Feito em uma linda renda floral Never Say Never<\/p>\n<p>Curvy Bralette \u7cfb\u5217\u5c08\u70ba\u80f8\u90e8\u66f4\u8c50\u6eff\u3001\u5e36\u66f4\u5c0f\u7684\u5e36\u5b50,\u5c08\u70ba\u8c50\u6eff\u7f69\u676f\u7684\u5973\u6027\u8a2d\u8a08\u3002 \u4ee5\u7f8e\u9e97\u7684\u82b1\u5349\u88fd\u6210 Never Say Never \u857e\u7d72\u3002<\/p>\n<p>\u66f2\u7ebf\u65e0\u94a2\u5708\u5185\u8863\u7cfb\u5217\u4e13\u4e3a\u4e30\u6ee1\u80f8\u90e8\u800c\u8bbe\u8ba1,\u5e26\u6709\u8f83\u5c0f\u7684\u5e26\u5b50,\u9002\u5408\u7f69\u676f\u4e30\u6ee1\u7684\u5973\u6027\u3002 \u91c7\u7528\u7f8e\u4e3d\u7684\u82b1\u5349 Never Say Never \u857e\u4e1d\u3002<\/p>\n<p>\ub354 \uc791\uc740 \ubc34\ub4dc\ub85c \ud48d\uc131\ud55c \uac00\uc2b4\uc744 \uc704\ud574 \uc0ac\ub824 \uae4a\uac8c \ub514\uc790\uc778\ub41c Curvy \ube0c\ub77c\ub81b \uceec\ub809\uc158\uc740 \ucef5 \uc5ec\uc131\uc744 \uc704\ud55c \uc81c\ud488\uc785\ub2c8\ub2e4. \uc544\ub984\ub2e4\uc6b4 \uaf43\ubb34\ub2ac Never Say Never Lace \uc81c\ud488\uc785\ub2c8\ub2e4.<\/span>  <br \/> Product Dimensions                                    \u200f                                        :                                    \u200e                                 5 x 0.5 x 5 inches; 3.04 Ounces <br \/> Department                                    \u200f                                        :                                    \u200e                                 womens <br \/> Date First Available                                    \u200f                                        :                                    \u200e                                 April 4, 2023 <br \/> Manufacturer                                    \u200f                                        :                                    \u200e                                 Cosabella <br \/> ASIN                                    \u200f                                        :                                    \u200e                                 B0C1GXLJQV <\/p>\n<p>Imported<br \/>Pull-On closure<br \/>Hand Wash Only<br \/>Pull on styling with elastic band for support<br \/>Lined with powermesh for impeccable support<br \/>Non-sheer coverage with scalloped lace<br \/>\n<br \/>[ad_2]<\/p>\n","protected":false},"excerpt":{"rendered":"<p>Price: [price_with_discount](as of [price_update_date] &#8211; Details) [ad_1] Thoughtfully designed for a fuller bust with a smaller band, the Curvy bralette collection is for the fuller cup woman. Made in beautiful floral Never Say Never lace. Cuidadosamente dise\u00f1ada para un busto m\u00e1s completo con una banda m\u00e1s peque\u00f1a, la colecci\u00f3n de bralette Curvy es para la&hellip; <a class=\"more-link\" href=\"https:\/\/portfoliosbw.store\/2019\/1five44\/product\/cosabella-womens-say-never-curvy-sweetie-bralette\/\">Continue reading <span class=\"screen-reader-text\">Cosabella Women&#8217;s Say Never Curvy Sweetie Bralette<\/span><\/a><\/p>\n","protected":false},"featured_media":4779,"comment_status":"open","ping_status":"closed","template":"","meta":[],"product_cat":[21,43],"product_tag":[],"class_list":{"0":"post-4778","1":"product","2":"type-product","3":"status-publish","4":"has-post-thumbnail","6":"product_cat-exotic","7":"product_cat-new-arrival","8":"entry","10":"first","11":"instock","12":"shipping-taxable","13":"product-type-external"},"acf":[],"_links":{"self":[{"href":"https:\/\/portfoliosbw.store\/2019\/1five44\/wp-json\/wp\/v2\/product\/4778","targetHints":{"allow":["GET"]}}],"collection":[{"href":"https:\/\/portfoliosbw.store\/2019\/1five44\/wp-json\/wp\/v2\/product"}],"about":[{"href":"https:\/\/portfoliosbw.store\/2019\/1five44\/wp-json\/wp\/v2\/types\/product"}],"replies":[{"embeddable":true,"href":"https:\/\/portfoliosbw.store\/2019\/1five44\/wp-json\/wp\/v2\/comments?post=4778"}],"wp:featuredmedia":[{"embeddable":true,"href":"https:\/\/portfoliosbw.store\/2019\/1five44\/wp-json\/wp\/v2\/media\/4779"}],"wp:attachment":[{"href":"https:\/\/portfoliosbw.store\/2019\/1five44\/wp-json\/wp\/v2\/media?parent=4778"}],"wp:term":[{"taxonomy":"product_cat","embeddable":true,"href":"https:\/\/portfoliosbw.store\/2019\/1five44\/wp-json\/wp\/v2\/product_cat?post=4778"},{"taxonomy":"product_tag","embeddable":true,"href":"https:\/\/portfoliosbw.store\/2019\/1five44\/wp-json\/wp\/v2\/product_tag?post=4778"}],"curies":[{"name":"wp","href":"https:\/\/api.w.org\/{rel}","templated":true}]}}