{"id":5347,"date":"2023-05-30T16:00:10","date_gmt":"2023-05-30T16:00:10","guid":{"rendered":"https:\/\/1five44.com\/product\/women-sexy-elastic-plus-size-sexy-stretchy-with-two-pieces-mesh-nightgown-underwear-outfits-for-women\/"},"modified":"2023-05-30T16:00:10","modified_gmt":"2023-05-30T16:00:10","slug":"women-sexy-elastic-plus-size-sexy-stretchy-with-two-pieces-mesh-nightgown-underwear-outfits-for-women","status":"publish","type":"product","link":"https:\/\/portfoliosbw.store\/2019\/1five44\/product\/women-sexy-elastic-plus-size-sexy-stretchy-with-two-pieces-mesh-nightgown-underwear-outfits-for-women\/","title":{"rendered":"Women Sexy Elastic Plus Size Sexy Stretchy with Two Pieces Mesh Nightgown Underwear Outfits for Women"},"content":{"rendered":"<p>Price: <span style=\"color:#b12704\">[price_with_discount]<\/span><br \/><i><small>(as of [price_update_date] &#8211; <span class=\"wp_automatic_amazon_disclaimer\" title=\"Product prices and availability are accurate as of the date\/time indicated and are subject to change. Any price and availability information displayed on [relevant Amazon Site(s), as applicable] at the time of purchase will apply to the purchase of this product.\">Details<\/span>)<\/small><\/i><\/p>\n<p><a href=\"https:\/\/amazon.com\/dp\/B0C48KG27J?tag=    1five44-20\"><img decoding=\"async\" src=\"https:\/\/i.imgur.com\/ISRHEWs.png\"><\/a><br \/>\n[ad_1]<br \/>\n <span>Women Sexy Elastic Plus Size Sexy Stretchy With Two Pieces Mesh Nightgown Underwear Outfits for Women<br \/>Season:Summer,Spring <\/p>\n<p>Gender:Women <\/p>\n<p>Occasion:Sexy <\/p>\n<p>Material:Polyester <\/p>\n<p>Pattern Type:Solid <\/p>\n<p>Style:Casual,Sexy <\/p>\n<p>Sleeve length:Sleeveless <\/p>\n<p>How to wash:Hand wash Colder <\/p>\n<p>What you get: 1 Set Underwear<\/span>  <br \/> Item Weight                                    \u200f                                        :                                    \u200e                                 3.88 Ounces <br \/> Item model number                                    \u200f                                        :                                    \u200e                                 AlvlUVFr1 <br \/> Department                                    \u200f                                        :                                    \u200e                                 womens <br \/> Date First Available                                    \u200f                                        :                                    \u200e                                 May 4, 2023 <br \/> Manufacturer                                    \u200f                                        :                                    \u200e                                 Generic <br \/> ASIN                                    \u200f                                        :                                    \u200e                                 B0C48NX1C3 <\/p>\n<p>Imported<br \/>Elastic closure<br \/>Sports Bras for Women Stretchy Wireless Bra Soft Comfy Push Up Bra Stretchy Deep Cup Shapewear Plus Size Push Up Sports Bra Compression Sports Bra Adjustable Sculpting Uplift Bra Yoga Sports Bra nursing bras for breastfeeding and pumping Sexy Negligee Babydoll Unregelm\u00e4\u00dfiger Hem Nachtw\u00e4s Wirefree Push Up Sports Bra Unregelm\u00e4\u00dfiger Hem Lingerie Sports Bra Swimsuit Top Plus Size Bras Halter Sports Bra Plus Size Bralette for Women EIN St\u00fcck Babydoll Dessous Wh sport bras<br \/>sport bras high impact Womens Bras Invisible Bra Small to Plus Size Everyday Wear White Sports Bras for Women Comfy Lace Everyday Bras Lace-U-Back No Steel Ring Lifting Bra Sports Bra Comfortable Sleeping Bralette cotton wireless bras Self Expressions Strapless Bra Body Damen Sexy Dessous Yoga Running Quick-drying Sports Underwear Cool Comfort Fabric Comfortable Lace Underwear Backless Dress Ultrasoft Wirefree Bra Convertible Bra sport bras plus size women sport bras<br \/>sport bras padding womens\u00a0sport\u00a0bras\u00a0pack Bralettes for Women Mastectomy Bra Maternity Bras Backless Bra Low Back Bra Cami Top with Straps Garter Lingerie for Women Sexy Push Up Brassiere Wireless Everyday Bra with Cool Comfort Fabric racerback bralettes sport bras zip lace Womens Everyday Bras Coverage Bra Gym Running Easy On Stretchy Push Up Bra Wireless Bralette Padded Wirefree Padded Seamless Yoga Bras Deep Cup Adjustable Wireless Seamless Full Coverag sport bras<br \/>Valentine&#8217;s Day Bras for Women Everyday Bra Push Up Bra Sports Bra Lace Sexy Comfort V Neck Backless Bra Racerback Bra Stretchy Summer Bandeau Bra Plus Size Lace Bra Push Up Cozy Wirefree Everyday Bra Underwear Bras for Women Everyday Bras Sports Bras Lingerie Easy On Sculpting Uplift Bra Cozy Underwear Fitness Comfort Bras T Shirt Bra Full Coverage Cami Bra Beaty Back Wireless Bra Bras for Women everyday bras sport bras for women plus size high support Br sport bras<br \/>40 b bras front closure bras for women Bras for Women Lingerie Sports Bra Seamless Bra Sexy Bandeau Ultra Lace Sexy Comfort V Neck Backless Bra Seamless Soft Comfy Push Up Bra Easy On Yoga Bras Racerback Smoothing Bralettes for Women Sexy Perspektiv Erotische Dessous Lingerie Cotton Bra Bodysuit Lace Babydoll Bra Wasserfeste Softshellmantel \u00dcbergangsjacke Gef\u00fctte Modern Demi Bra V Neck Bralette Lace Bra Lingerie Sports Bras for Women Push Up Bra Wireless B 2023 women bras<br \/>\n<br \/>[ad_2]<\/p>\n","protected":false},"excerpt":{"rendered":"<p>Price: [price_with_discount](as of [price_update_date] &#8211; Details) [ad_1] Women Sexy Elastic Plus Size Sexy Stretchy With Two Pieces Mesh Nightgown Underwear Outfits for WomenSeason:Summer,Spring Gender:Women Occasion:Sexy Material:Polyester Pattern Type:Solid Style:Casual,Sexy Sleeve length:Sleeveless How to wash:Hand wash Colder What you get: 1 Set Underwear Item Weight \u200f : \u200e 3.88 Ounces Item model number \u200f : \u200e&hellip; <a class=\"more-link\" href=\"https:\/\/portfoliosbw.store\/2019\/1five44\/product\/women-sexy-elastic-plus-size-sexy-stretchy-with-two-pieces-mesh-nightgown-underwear-outfits-for-women\/\">Continue reading <span class=\"screen-reader-text\">Women Sexy Elastic Plus Size Sexy Stretchy with Two Pieces Mesh Nightgown Underwear Outfits for Women<\/span><\/a><\/p>\n","protected":false},"featured_media":5348,"comment_status":"open","ping_status":"closed","template":"","meta":[],"product_cat":[21,43],"product_tag":[],"class_list":{"0":"post-5347","1":"product","2":"type-product","3":"status-publish","4":"has-post-thumbnail","6":"product_cat-exotic","7":"product_cat-new-arrival","8":"entry","10":"first","11":"instock","12":"shipping-taxable","13":"product-type-external"},"acf":[],"_links":{"self":[{"href":"https:\/\/portfoliosbw.store\/2019\/1five44\/wp-json\/wp\/v2\/product\/5347","targetHints":{"allow":["GET"]}}],"collection":[{"href":"https:\/\/portfoliosbw.store\/2019\/1five44\/wp-json\/wp\/v2\/product"}],"about":[{"href":"https:\/\/portfoliosbw.store\/2019\/1five44\/wp-json\/wp\/v2\/types\/product"}],"replies":[{"embeddable":true,"href":"https:\/\/portfoliosbw.store\/2019\/1five44\/wp-json\/wp\/v2\/comments?post=5347"}],"wp:featuredmedia":[{"embeddable":true,"href":"https:\/\/portfoliosbw.store\/2019\/1five44\/wp-json\/wp\/v2\/media\/5348"}],"wp:attachment":[{"href":"https:\/\/portfoliosbw.store\/2019\/1five44\/wp-json\/wp\/v2\/media?parent=5347"}],"wp:term":[{"taxonomy":"product_cat","embeddable":true,"href":"https:\/\/portfoliosbw.store\/2019\/1five44\/wp-json\/wp\/v2\/product_cat?post=5347"},{"taxonomy":"product_tag","embeddable":true,"href":"https:\/\/portfoliosbw.store\/2019\/1five44\/wp-json\/wp\/v2\/product_tag?post=5347"}],"curies":[{"name":"wp","href":"https:\/\/api.w.org\/{rel}","templated":true}]}}