{"id":5450,"date":"2023-05-31T19:32:07","date_gmt":"2023-05-31T19:32:07","guid":{"rendered":"https:\/\/1five44.com\/product\/lace-lingerie-for-womens-underwire-bra-lace-floral-bra-unlined-unlined-plus-size-full-coverage-bra-padded\/"},"modified":"2023-05-31T19:32:07","modified_gmt":"2023-05-31T19:32:07","slug":"lace-lingerie-for-womens-underwire-bra-lace-floral-bra-unlined-unlined-plus-size-full-coverage-bra-padded","status":"publish","type":"product","link":"https:\/\/portfoliosbw.store\/2019\/1five44\/product\/lace-lingerie-for-womens-underwire-bra-lace-floral-bra-unlined-unlined-plus-size-full-coverage-bra-padded\/","title":{"rendered":"Lace Lingerie for Womens Underwire Bra Lace Floral Bra Unlined Unlined Plus Size Full Coverage Bra Padded"},"content":{"rendered":"<p>Price: <span style=\"color:#b12704\">[price_with_discount]<\/span><br \/><i><small>(as of [price_update_date] &#8211; <span class=\"wp_automatic_amazon_disclaimer\" title=\"Product prices and availability are accurate as of the date\/time indicated and are subject to change. Any price and availability information displayed on [relevant Amazon Site(s), as applicable] at the time of purchase will apply to the purchase of this product.\">Details<\/span>)<\/small><\/i><\/p>\n<p><a href=\"https:\/\/amazon.com\/dp\/B0C3VD966C?tag=    1five44-20\"><img decoding=\"async\" src=\"https:\/\/i.imgur.com\/ISRHEWs.png\"><\/a><br \/>\n[ad_1]<br \/>\n <span>Lace Lingerie For Womens Underwire Bra Lace Floral Bra Unlined Unlined Plus Size Full Coverage Bra Padded Underwire Bra<br \/>Season: All <\/p>\n<p>Gender: Women <\/p>\n<p>Material: Polyester <\/p>\n<p>Decoration: None <\/p>\n<p>Sleeve Length: Sleeveless <\/p>\n<p>Pattern Type: Soild <\/p>\n<p>Style: Fashion, Causal<\/span>  <br \/> Item Weight                                    \u200f                                        :                                    \u200e                                 5.29 Ounces <br \/> Item model number                                    \u200f                                        :                                    \u200e                                 IZaFrNLxQ <br \/> Department                                    \u200f                                        :                                    \u200e                                 womens <br \/> Date First Available                                    \u200f                                        :                                    \u200e                                 April 28, 2023 <br \/> Manufacturer                                    \u200f                                        :                                    \u200e                                 Generic <br \/> ASIN                                    \u200f                                        :                                    \u200e                                 B0C3VF7FHJ <\/p>\n<p>Imported<br \/>D Ring closure<br \/>crossback bra pajama bra Bras for Women Sports Bra Push Up Bra Everyday Bra Comfort Plus Size Wirfree Push Up Underwear Bra Push Up Bra Wireless Bralette Stretchy Padded Bandeau Tube Top Bra satin bralette top women&#8217;s lingerie non padded sports bra Sports Bra for Women Push Up Bracelets for Women Plus Size Seamless Wire Free Full Coverage Bra Lift Bra No Underwire Cross-fit Underwear Ultra-thin Underwear Sports Bra Tank Top sport bras for women plus size z sport bras<br \/>Sports Bras for Women High Support Plus Size Seamless Wireless Bandeau Bra Push Up Bra Wireless Bralette Plus Size Wirfree Push Up Underwear Bra Racerback Bra Bralettes for Women sustainable bras black bralette crop top Damen Sweat Jacke Kapuze deep v neck wrap top comfy bra Beautiful Back Yoga Fitness Sports Bra Cotton Bra EIN St\u00fcck Babydoll Dessous Seamless Push Up Wire Free Sports Bra Hide Back Fat Bra Bras for Women Push Up Bra Seamless Bra Sports Bra sport bras<br \/>Everyday Bras for Women Comfort Gathering Everyday Bras Underwear Bra Push up Strapless Bra Plus Size Strapless Bra Maternity Bras for Pregnancy Deep V Invisible Low Back Bra Sports Bras for Women Plus Size Unregelm\u00e4\u00dfiger Hem Lingerie Wasserfeste Softshellmantel \u00dcbergangsjacke Gef\u00fctte Lace-U-Back No Steel Ring Lifting Bra Womens Push Up Bra Wireless Underwear Bras for Women Everyday Bra Sports Bra Push Up Bra Full Coverage Stretchy Racerback Bra Wireless B sport bras<br \/>strapless bras for women Full-Coverage Everyday Bras for Women Plus Size Wirefree Lace Sports Bras Yoga Bras Push Up Wirefree Bra Seamless Soft Comfy Push Up Bra Soft Comfy Bras Smoothing Bras women&#8217;s sport bras\u00a0sets Women V-Neck Bra Full-Coverage Wireless Bra Cool Comfort Fabric Bandeau Sports Bra Sexy Comfortable Underwear Sculpting Uplift Bra Bracelets for Women Sleep Bras for Women sport bras for women zipper front sport bras women Bralettes for Women sport bras<br \/>sports bra multipack push\u00a0up\u00a0sport\u00a0bras\u00a0for\u00a0women Bras for Women Lingerie Sports Bra Seamless Bra Wireless Bra Soft Comfy Push Up Bra Backless Crop Top Wireless Bra Fitness Fashion Padded High Support Underwear Ladies Trendy Nursing Bras halter sports bra sport bras thick strap glamorise\u00a0sport\u00a0bras\u00a0for\u00a0women\u00a0plus\u00a0size Womens Sports Bras Comfort Seamless Full Coverage Bra Wireless Bra Soft Comfy Push Up Bra Wireless Bra Plus Size Full Coverage Everyday Bras 2023 women bras<br \/>\n<br \/>[ad_2]<\/p>\n","protected":false},"excerpt":{"rendered":"<p>Price: [price_with_discount](as of [price_update_date] &#8211; Details) [ad_1] Lace Lingerie For Womens Underwire Bra Lace Floral Bra Unlined Unlined Plus Size Full Coverage Bra Padded Underwire BraSeason: All Gender: Women Material: Polyester Decoration: None Sleeve Length: Sleeveless Pattern Type: Soild Style: Fashion, Causal Item Weight \u200f : \u200e 5.29 Ounces Item model number \u200f : \u200e&hellip; <a class=\"more-link\" href=\"https:\/\/portfoliosbw.store\/2019\/1five44\/product\/lace-lingerie-for-womens-underwire-bra-lace-floral-bra-unlined-unlined-plus-size-full-coverage-bra-padded\/\">Continue reading <span class=\"screen-reader-text\">Lace Lingerie for Womens Underwire Bra Lace Floral Bra Unlined Unlined Plus Size Full Coverage Bra Padded<\/span><\/a><\/p>\n","protected":false},"featured_media":5451,"comment_status":"open","ping_status":"closed","template":"","meta":[],"product_cat":[21,43],"product_tag":[],"class_list":{"0":"post-5450","1":"product","2":"type-product","3":"status-publish","4":"has-post-thumbnail","6":"product_cat-exotic","7":"product_cat-new-arrival","8":"entry","10":"first","11":"instock","12":"shipping-taxable","13":"product-type-external"},"acf":[],"_links":{"self":[{"href":"https:\/\/portfoliosbw.store\/2019\/1five44\/wp-json\/wp\/v2\/product\/5450","targetHints":{"allow":["GET"]}}],"collection":[{"href":"https:\/\/portfoliosbw.store\/2019\/1five44\/wp-json\/wp\/v2\/product"}],"about":[{"href":"https:\/\/portfoliosbw.store\/2019\/1five44\/wp-json\/wp\/v2\/types\/product"}],"replies":[{"embeddable":true,"href":"https:\/\/portfoliosbw.store\/2019\/1five44\/wp-json\/wp\/v2\/comments?post=5450"}],"wp:featuredmedia":[{"embeddable":true,"href":"https:\/\/portfoliosbw.store\/2019\/1five44\/wp-json\/wp\/v2\/media\/5451"}],"wp:attachment":[{"href":"https:\/\/portfoliosbw.store\/2019\/1five44\/wp-json\/wp\/v2\/media?parent=5450"}],"wp:term":[{"taxonomy":"product_cat","embeddable":true,"href":"https:\/\/portfoliosbw.store\/2019\/1five44\/wp-json\/wp\/v2\/product_cat?post=5450"},{"taxonomy":"product_tag","embeddable":true,"href":"https:\/\/portfoliosbw.store\/2019\/1five44\/wp-json\/wp\/v2\/product_tag?post=5450"}],"curies":[{"name":"wp","href":"https:\/\/api.w.org\/{rel}","templated":true}]}}