{"id":5670,"date":"2023-06-03T04:26:40","date_gmt":"2023-06-03T04:26:40","guid":{"rendered":"https:\/\/1five44.com\/product\/womens-solid-color-seamless-thin-belt-thin-elastic-casual-bottom-bra-yoga-underwear-womens-sports-bras-pack\/"},"modified":"2023-06-03T04:26:40","modified_gmt":"2023-06-03T04:26:40","slug":"womens-solid-color-seamless-thin-belt-thin-elastic-casual-bottom-bra-yoga-underwear-womens-sports-bras-pack","status":"publish","type":"product","link":"https:\/\/portfoliosbw.store\/2019\/1five44\/product\/womens-solid-color-seamless-thin-belt-thin-elastic-casual-bottom-bra-yoga-underwear-womens-sports-bras-pack\/","title":{"rendered":"Women&#8217;s Solid Color Seamless Thin Belt Thin Elastic Casual Bottom Bra Yoga Underwear Womens Sports Bras Pack"},"content":{"rendered":"<p>Price: <span style=\"color:#b12704\">[price_with_discount]<\/span><br \/><i><small>(as of [price_update_date] &#8211; <span class=\"wp_automatic_amazon_disclaimer\" title=\"Product prices and availability are accurate as of the date\/time indicated and are subject to change. Any price and availability information displayed on [relevant Amazon Site(s), as applicable] at the time of purchase will apply to the purchase of this product.\">Details<\/span>)<\/small><\/i><\/p>\n<p><a href=\"https:\/\/amazon.com\/dp\/B0C4D8QRYV?tag=    1five44-20\"><img decoding=\"async\" src=\"https:\/\/i.imgur.com\/ISRHEWs.png\"><\/a><br \/>\n[ad_1]<br \/>\n <span>Women&#8217;s Solid Color Seamless Thin Belt Thin Elastic Casual Bottom Bra Yoga Underwear Womens Sports Bras Pack<br \/>Season:Four Season <br \/>Gender:Women <br \/>Style: Sexy and charming <br \/>How to wash:Hand wash Cold <br \/>What you get:1Bras <br \/><\/span>  <br \/> Item Weight                                    \u200f                                        :                                    \u200e                                 3.53 Ounces <br \/> Item model number                                    \u200f                                        :                                    \u200e                                 n0zSWjEFk <br \/> Department                                    \u200f                                        :                                    \u200e                                 womens <br \/> Date First Available                                    \u200f                                        :                                    \u200e                                 May 5, 2023 <br \/> Manufacturer                                    \u200f                                        :                                    \u200e                                 Generic <br \/> ASIN                                    \u200f                                        :                                    \u200e                                 B0C4D8HZ99 <\/p>\n<p>Imported<br \/>Pull On closure<br \/>Everyday Bras for Women Comfort Gathering Everyday Bras Underwear Bra Push up Strapless Bra Plus Size Strapless Bra Maternity Bras for Pregnancy Deep V Invisible Low Back Bra Sports Bras for Women Plus Size Unregelm\u00e4\u00dfiger Hem Lingerie Wasserfeste Softshellmantel \u00dcbergangsjacke Gef\u00fctte Lace-U-Back No Steel Ring Lifting Bra Womens Push Up Bra Wireless Underwear Bras for Women Everyday Bra Sports Bra Push Up Bra Full Coverage Stretchy Racerback Bra Wireless B sport bras<br \/>Bras for Women T Shirt Bra Running Plus Size Wirfree Push Up Underwear Bra Bandeau Padded Bralettes Activewear Bra Comfort Wirefree Lace Bralettes Hides Back Fat Bra Open Crotch Lingerie For Women Two Piece Convertible Underwire Bra White Strapless Bra Cotton Bra Plus Size Comfort Wirefree Lace Bralettes Strapless Front Buckle Lift Bra for Women Everyday Bras for Women Wirefree Padded Seamless Yoga Bras Exercise Bra Push Up Running Plus Size Seamless Wirel sport bras<br \/>panty bra maroon sports bra Stretchy Lace Bralettes for Women Comfort Breathable Push Up Sports Bras Wirefree Push Up Sports Bra Silicone Lift Adhesive Bra Seamless Bralettes Non-Padded Bandeau Tube Top Bra Lace Bras for Women No Underwire lace bralettes for women Oberbekleidung Winddichter Herbst Jacke Parka Comfort Gathering Everyday Bras Underwear White Sports Bras for Women Dress With Built In Bra cosplay lingerie Sports Bras for Women Full Coverage Se sport bras<br \/>Bras for Women Everyday Bra Sports Bra Push Up Bra Racerback Bra High Waist Cozy Deep Cup Push Up Bra Wireless Bralette Wirefree Padded Seamless Yoga Bras Sexy Comfortable Lace Low Back Bra Underwear seamless padded bralette sticky bras for women best wireless bra for plus size Womens Everyday Bras Coverage Bra Gym Running Easy On Stretchy Push Up Bra Wireless Bralette Padded Wirefree Padded Seamless Yoga Bras Deep Cup Adjustable Wireless Seamless Full Cov 2023 women bras<br \/>white halter bralette womens\u00a0sport\u00a0bras\u00a0with\u00a0zipper Womens Lace Bralettes Coverage Bra Backless Crop Top Plus Size Seamless Wire Free Full Coverage Bra Padded Bralettes Bandeau High Waist Comfort Bras Comfort Breathable Push Up No Underwire Bralette Sports Bras for Women High Support Plus Size Seamless Full Coverage Bra Activewear Bra Cozy Cami Bra Adjustable Wireless Seamless Full Coverage Bra Compression Sports Bra Yoga Sports Bra best plus size bras Bra 2023 women bras<br \/>\n<br \/>[ad_2]<\/p>\n","protected":false},"excerpt":{"rendered":"<p>Price: [price_with_discount](as of [price_update_date] &#8211; Details) [ad_1] Women&#8217;s Solid Color Seamless Thin Belt Thin Elastic Casual Bottom Bra Yoga Underwear Womens Sports Bras PackSeason:Four Season Gender:Women Style: Sexy and charming How to wash:Hand wash Cold What you get:1Bras Item Weight \u200f : \u200e 3.53 Ounces Item model number \u200f : \u200e n0zSWjEFk Department \u200f :&hellip; <a class=\"more-link\" href=\"https:\/\/portfoliosbw.store\/2019\/1five44\/product\/womens-solid-color-seamless-thin-belt-thin-elastic-casual-bottom-bra-yoga-underwear-womens-sports-bras-pack\/\">Continue reading <span class=\"screen-reader-text\">Women&#8217;s Solid Color Seamless Thin Belt Thin Elastic Casual Bottom Bra Yoga Underwear Womens Sports Bras Pack<\/span><\/a><\/p>\n","protected":false},"featured_media":5671,"comment_status":"open","ping_status":"closed","template":"","meta":[],"product_cat":[21,43],"product_tag":[],"class_list":{"0":"post-5670","1":"product","2":"type-product","3":"status-publish","4":"has-post-thumbnail","6":"product_cat-exotic","7":"product_cat-new-arrival","8":"entry","10":"first","11":"instock","12":"shipping-taxable","13":"product-type-external"},"acf":[],"_links":{"self":[{"href":"https:\/\/portfoliosbw.store\/2019\/1five44\/wp-json\/wp\/v2\/product\/5670","targetHints":{"allow":["GET"]}}],"collection":[{"href":"https:\/\/portfoliosbw.store\/2019\/1five44\/wp-json\/wp\/v2\/product"}],"about":[{"href":"https:\/\/portfoliosbw.store\/2019\/1five44\/wp-json\/wp\/v2\/types\/product"}],"replies":[{"embeddable":true,"href":"https:\/\/portfoliosbw.store\/2019\/1five44\/wp-json\/wp\/v2\/comments?post=5670"}],"wp:featuredmedia":[{"embeddable":true,"href":"https:\/\/portfoliosbw.store\/2019\/1five44\/wp-json\/wp\/v2\/media\/5671"}],"wp:attachment":[{"href":"https:\/\/portfoliosbw.store\/2019\/1five44\/wp-json\/wp\/v2\/media?parent=5670"}],"wp:term":[{"taxonomy":"product_cat","embeddable":true,"href":"https:\/\/portfoliosbw.store\/2019\/1five44\/wp-json\/wp\/v2\/product_cat?post=5670"},{"taxonomy":"product_tag","embeddable":true,"href":"https:\/\/portfoliosbw.store\/2019\/1five44\/wp-json\/wp\/v2\/product_tag?post=5670"}],"curies":[{"name":"wp","href":"https:\/\/api.w.org\/{rel}","templated":true}]}}